{"id":1029,"date":"2021-12-16T13:42:19","date_gmt":"2021-12-16T18:42:19","guid":{"rendered":"https:\/\/www.personetics.com\/br\/?page_id=1029"},"modified":"2022-07-31T06:34:40","modified_gmt":"2022-07-31T10:34:40","slug":"enrich","status":"publish","type":"page","link":"https:\/\/personetics.com\/br\/enrich\/","title":{"rendered":"Personetics Enrich"},"content":{"rendered":"","protected":false},"excerpt":{"rendered":"","protected":false},"author":1,"featured_media":0,"parent":0,"menu_order":0,"comment_status":"closed","ping_status":"closed","template":"tmpl-enrich.php","meta":{"_acf_changed":false,"inline_featured_image":false,"footnotes":""},"class_list":["post-1029","page","type-page","status-publish","hentry"],"acf":[],"yoast_head":"<!-- This site is optimized with the Yoast SEO plugin v27.1.1 - https:\/\/yoast.com\/product\/yoast-seo-wordpress\/ -->\n<title>Enrich - Enriquecimento de Dados de Transa\u00e7\u00e3o | Personetics.com<\/title>\n<meta name=\"description\" content=\"Enriquecimento dos dados da transa\u00e7\u00e3o. Melhoria da experi\u00eancia do cliente. Solu\u00e7\u00e3o IA para bancos. FIS. Enriquece dados de transa\u00e7\u00f5es, alimenta\u00e7\u00e3o de dados e experi\u00eancias de vendas cruzadas.\" \/>\n<meta name=\"robots\" content=\"index, follow, max-snippet:-1, max-image-preview:large, max-video-preview:-1\" \/>\n<link rel=\"canonical\" href=\"https:\/\/www.personetics.com\/br\/enrich\/\" \/>\n<meta property=\"og:locale\" content=\"pt_BR\" \/>\n<meta property=\"og:type\" content=\"article\" \/>\n<meta property=\"og:title\" content=\"Enrich - Enriquecimento de Dados de Transa\u00e7\u00e3o | Personetics.com\" \/>\n<meta property=\"og:description\" content=\"Enriquecimento dos dados da transa\u00e7\u00e3o. Melhoria da experi\u00eancia do cliente. Solu\u00e7\u00e3o IA para bancos. FIS. Enriquece dados de transa\u00e7\u00f5es, alimenta\u00e7\u00e3o de dados e experi\u00eancias de vendas cruzadas.\" \/>\n<meta property=\"og:url\" content=\"https:\/\/www.personetics.com\/br\/enrich\/\" \/>\n<meta property=\"og:site_name\" content=\"Personetics\" \/>\n<meta property=\"article:modified_time\" content=\"2022-07-31T10:34:40+00:00\" \/>\n<meta name=\"twitter:card\" content=\"summary_large_image\" \/>\n<script type=\"application\/ld+json\" class=\"yoast-schema-graph\">{\"@context\":\"https:\/\/schema.org\",\"@graph\":[{\"@type\":\"WebPage\",\"@id\":\"https:\/\/www.personetics.com\/br\/enrich\/\",\"url\":\"https:\/\/www.personetics.com\/br\/enrich\/\",\"name\":\"Enrich - Enriquecimento de Dados de Transa\u00e7\u00e3o | Personetics.com\",\"isPartOf\":{\"@id\":\"https:\/\/personetics.com\/br\/#website\"},\"datePublished\":\"2021-12-16T18:42:19+00:00\",\"dateModified\":\"2022-07-31T10:34:40+00:00\",\"description\":\"Enriquecimento dos dados da transa\u00e7\u00e3o. Melhoria da experi\u00eancia do cliente. Solu\u00e7\u00e3o IA para bancos. FIS. Enriquece dados de transa\u00e7\u00f5es, alimenta\u00e7\u00e3o de dados e experi\u00eancias de vendas cruzadas.\",\"breadcrumb\":{\"@id\":\"https:\/\/www.personetics.com\/br\/enrich\/#breadcrumb\"},\"inLanguage\":\"pt-BR\",\"potentialAction\":[{\"@type\":\"ReadAction\",\"target\":[\"https:\/\/www.personetics.com\/br\/enrich\/\"]}]},{\"@type\":\"BreadcrumbList\",\"@id\":\"https:\/\/www.personetics.com\/br\/enrich\/#breadcrumb\",\"itemListElement\":[{\"@type\":\"ListItem\",\"position\":1,\"name\":\"Home\",\"item\":\"https:\/\/personetics.com\/br\/\"},{\"@type\":\"ListItem\",\"position\":2,\"name\":\"Personetics Enrich\"}]},{\"@type\":\"WebSite\",\"@id\":\"https:\/\/personetics.com\/br\/#website\",\"url\":\"https:\/\/personetics.com\/br\/\",\"name\":\"Personetics\",\"description\":\"Just another WordPress site\",\"potentialAction\":[{\"@type\":\"SearchAction\",\"target\":{\"@type\":\"EntryPoint\",\"urlTemplate\":\"https:\/\/personetics.com\/br\/?s={search_term_string}\"},\"query-input\":{\"@type\":\"PropertyValueSpecification\",\"valueRequired\":true,\"valueName\":\"search_term_string\"}}],\"inLanguage\":\"pt-BR\"}]}<\/script>\n<!-- \/ Yoast SEO plugin. -->","yoast_head_json":{"title":"Enrich - Enriquecimento de Dados de Transa\u00e7\u00e3o | Personetics.com","description":"Enriquecimento dos dados da transa\u00e7\u00e3o. Melhoria da experi\u00eancia do cliente. Solu\u00e7\u00e3o IA para bancos. FIS. Enriquece dados de transa\u00e7\u00f5es, alimenta\u00e7\u00e3o de dados e experi\u00eancias de vendas cruzadas.","robots":{"index":"index","follow":"follow","max-snippet":"max-snippet:-1","max-image-preview":"max-image-preview:large","max-video-preview":"max-video-preview:-1"},"canonical":"https:\/\/www.personetics.com\/br\/enrich\/","og_locale":"pt_BR","og_type":"article","og_title":"Enrich - Enriquecimento de Dados de Transa\u00e7\u00e3o | Personetics.com","og_description":"Enriquecimento dos dados da transa\u00e7\u00e3o. Melhoria da experi\u00eancia do cliente. Solu\u00e7\u00e3o IA para bancos. FIS. Enriquece dados de transa\u00e7\u00f5es, alimenta\u00e7\u00e3o de dados e experi\u00eancias de vendas cruzadas.","og_url":"https:\/\/www.personetics.com\/br\/enrich\/","og_site_name":"Personetics","article_modified_time":"2022-07-31T10:34:40+00:00","twitter_card":"summary_large_image","schema":{"@context":"https:\/\/schema.org","@graph":[{"@type":"WebPage","@id":"https:\/\/www.personetics.com\/br\/enrich\/","url":"https:\/\/www.personetics.com\/br\/enrich\/","name":"Enrich - Enriquecimento de Dados de Transa\u00e7\u00e3o | Personetics.com","isPartOf":{"@id":"https:\/\/personetics.com\/br\/#website"},"datePublished":"2021-12-16T18:42:19+00:00","dateModified":"2022-07-31T10:34:40+00:00","description":"Enriquecimento dos dados da transa\u00e7\u00e3o. Melhoria da experi\u00eancia do cliente. Solu\u00e7\u00e3o IA para bancos. FIS. Enriquece dados de transa\u00e7\u00f5es, alimenta\u00e7\u00e3o de dados e experi\u00eancias de vendas cruzadas.","breadcrumb":{"@id":"https:\/\/www.personetics.com\/br\/enrich\/#breadcrumb"},"inLanguage":"pt-BR","potentialAction":[{"@type":"ReadAction","target":["https:\/\/www.personetics.com\/br\/enrich\/"]}]},{"@type":"BreadcrumbList","@id":"https:\/\/www.personetics.com\/br\/enrich\/#breadcrumb","itemListElement":[{"@type":"ListItem","position":1,"name":"Home","item":"https:\/\/personetics.com\/br\/"},{"@type":"ListItem","position":2,"name":"Personetics Enrich"}]},{"@type":"WebSite","@id":"https:\/\/personetics.com\/br\/#website","url":"https:\/\/personetics.com\/br\/","name":"Personetics","description":"Just another WordPress site","potentialAction":[{"@type":"SearchAction","target":{"@type":"EntryPoint","urlTemplate":"https:\/\/personetics.com\/br\/?s={search_term_string}"},"query-input":{"@type":"PropertyValueSpecification","valueRequired":true,"valueName":"search_term_string"}}],"inLanguage":"pt-BR"}]}},"_links":{"self":[{"href":"https:\/\/personetics.com\/br\/wp-json\/wp\/v2\/pages\/1029","targetHints":{"allow":["GET"]}}],"collection":[{"href":"https:\/\/personetics.com\/br\/wp-json\/wp\/v2\/pages"}],"about":[{"href":"https:\/\/personetics.com\/br\/wp-json\/wp\/v2\/types\/page"}],"author":[{"embeddable":true,"href":"https:\/\/personetics.com\/br\/wp-json\/wp\/v2\/users\/1"}],"replies":[{"embeddable":true,"href":"https:\/\/personetics.com\/br\/wp-json\/wp\/v2\/comments?post=1029"}],"version-history":[{"count":5,"href":"https:\/\/personetics.com\/br\/wp-json\/wp\/v2\/pages\/1029\/revisions"}],"predecessor-version":[{"id":1282,"href":"https:\/\/personetics.com\/br\/wp-json\/wp\/v2\/pages\/1029\/revisions\/1282"}],"wp:attachment":[{"href":"https:\/\/personetics.com\/br\/wp-json\/wp\/v2\/media?parent=1029"}],"curies":[{"name":"wp","href":"https:\/\/api.w.org\/{rel}","templated":true}]}}