{"id":7,"date":"2021-12-15T12:47:24","date_gmt":"2021-12-15T17:47:24","guid":{"rendered":"https:\/\/www.personetics.com\/br\/?page_id=7"},"modified":"2022-09-14T06:38:52","modified_gmt":"2022-09-14T10:38:52","slug":"homepage","status":"publish","type":"page","link":"https:\/\/personetics.com\/br\/","title":{"rendered":"Homepage"},"content":{"rendered":"","protected":false},"excerpt":{"rendered":"","protected":false},"author":1,"featured_media":0,"parent":0,"menu_order":0,"comment_status":"closed","ping_status":"closed","template":"tmpl-homepage-new.php","meta":{"_acf_changed":false,"inline_featured_image":false,"footnotes":""},"class_list":["post-7","page","type-page","status-publish","hentry"],"acf":[],"yoast_head":"<!-- This site is optimized with the Yoast SEO plugin v27.5 - https:\/\/yoast.com\/product\/yoast-seo-wordpress\/ -->\n<title>Personetics Gest\u00e3o de Dinheiro &amp; PFM para Bancos &amp; Institui\u00e7\u00f5es Financeiras | Personetics.com<\/title>\n<meta name=\"description\" content=\"A Personetics atende mais de 100 bancos e institui\u00e7\u00f5es financeiras em 30 mercados globais. Veja como seu banco pode aproveitar o poder da IA para engajar clientes e aumentar a receita com o engajamento personalizado personalizado do cliente, PFM e plataforma de gerenciamento de dinheiro.\" \/>\n<meta name=\"robots\" content=\"index, follow, max-snippet:-1, max-image-preview:large, max-video-preview:-1\" \/>\n<link rel=\"canonical\" href=\"https:\/\/personetics.com\/br\/\" \/>\n<meta property=\"og:locale\" content=\"pt_BR\" \/>\n<meta property=\"og:type\" content=\"article\" \/>\n<meta property=\"og:title\" content=\"Personetics Gest\u00e3o de Dinheiro &amp; PFM para Bancos &amp; Institui\u00e7\u00f5es Financeiras | Personetics.com\" \/>\n<meta property=\"og:description\" content=\"A Personetics atende mais de 100 bancos e institui\u00e7\u00f5es financeiras em 30 mercados globais. Veja como seu banco pode aproveitar o poder da IA para engajar clientes e aumentar a receita com o engajamento personalizado personalizado do cliente, PFM e plataforma de gerenciamento de dinheiro.\" \/>\n<meta property=\"og:url\" content=\"https:\/\/personetics.com\/br\/\" \/>\n<meta property=\"og:site_name\" content=\"Personetics\" \/>\n<meta property=\"article:modified_time\" content=\"2022-09-14T10:38:52+00:00\" \/>\n<meta name=\"twitter:card\" content=\"summary_large_image\" \/>\n<script type=\"application\/ld+json\" class=\"yoast-schema-graph\">{\"@context\":\"https:\\\/\\\/schema.org\",\"@graph\":[{\"@type\":\"WebPage\",\"@id\":\"https:\\\/\\\/personetics.com\\\/br\\\/\",\"url\":\"https:\\\/\\\/personetics.com\\\/br\\\/\",\"name\":\"Personetics Gest\u00e3o de Dinheiro & PFM para Bancos & Institui\u00e7\u00f5es Financeiras | Personetics.com\",\"isPartOf\":{\"@id\":\"https:\\\/\\\/personetics.com\\\/br\\\/#website\"},\"datePublished\":\"2021-12-15T17:47:24+00:00\",\"dateModified\":\"2022-09-14T10:38:52+00:00\",\"description\":\"A Personetics atende mais de 100 bancos e institui\u00e7\u00f5es financeiras em 30 mercados globais. Veja como seu banco pode aproveitar o poder da IA para engajar clientes e aumentar a receita com o engajamento personalizado personalizado do cliente, PFM e plataforma de gerenciamento de dinheiro.\",\"breadcrumb\":{\"@id\":\"https:\\\/\\\/personetics.com\\\/br\\\/#breadcrumb\"},\"inLanguage\":\"pt-BR\",\"potentialAction\":[{\"@type\":\"ReadAction\",\"target\":[\"https:\\\/\\\/personetics.com\\\/br\\\/\"]}]},{\"@type\":\"BreadcrumbList\",\"@id\":\"https:\\\/\\\/personetics.com\\\/br\\\/#breadcrumb\",\"itemListElement\":[{\"@type\":\"ListItem\",\"position\":1,\"name\":\"Home\",\"item\":\"https:\\\/\\\/personetics.com\\\/br\\\/\"},{\"@type\":\"ListItem\",\"position\":2,\"name\":\"Homepage\"}]},{\"@type\":\"WebSite\",\"@id\":\"https:\\\/\\\/personetics.com\\\/br\\\/#website\",\"url\":\"https:\\\/\\\/personetics.com\\\/br\\\/\",\"name\":\"Personetics\",\"description\":\"Just another WordPress site\",\"potentialAction\":[{\"@type\":\"SearchAction\",\"target\":{\"@type\":\"EntryPoint\",\"urlTemplate\":\"https:\\\/\\\/personetics.com\\\/br\\\/?s={search_term_string}\"},\"query-input\":{\"@type\":\"PropertyValueSpecification\",\"valueRequired\":true,\"valueName\":\"search_term_string\"}}],\"inLanguage\":\"pt-BR\"}]}<\/script>\n<!-- \/ Yoast SEO plugin. -->","yoast_head_json":{"title":"Personetics Gest\u00e3o de Dinheiro & PFM para Bancos & Institui\u00e7\u00f5es Financeiras | Personetics.com","description":"A Personetics atende mais de 100 bancos e institui\u00e7\u00f5es financeiras em 30 mercados globais. Veja como seu banco pode aproveitar o poder da IA para engajar clientes e aumentar a receita com o engajamento personalizado personalizado do cliente, PFM e plataforma de gerenciamento de dinheiro.","robots":{"index":"index","follow":"follow","max-snippet":"max-snippet:-1","max-image-preview":"max-image-preview:large","max-video-preview":"max-video-preview:-1"},"canonical":"https:\/\/personetics.com\/br\/","og_locale":"pt_BR","og_type":"article","og_title":"Personetics Gest\u00e3o de Dinheiro & PFM para Bancos & Institui\u00e7\u00f5es Financeiras | Personetics.com","og_description":"A Personetics atende mais de 100 bancos e institui\u00e7\u00f5es financeiras em 30 mercados globais. Veja como seu banco pode aproveitar o poder da IA para engajar clientes e aumentar a receita com o engajamento personalizado personalizado do cliente, PFM e plataforma de gerenciamento de dinheiro.","og_url":"https:\/\/personetics.com\/br\/","og_site_name":"Personetics","article_modified_time":"2022-09-14T10:38:52+00:00","twitter_card":"summary_large_image","schema":{"@context":"https:\/\/schema.org","@graph":[{"@type":"WebPage","@id":"https:\/\/personetics.com\/br\/","url":"https:\/\/personetics.com\/br\/","name":"Personetics Gest\u00e3o de Dinheiro & PFM para Bancos & Institui\u00e7\u00f5es Financeiras | Personetics.com","isPartOf":{"@id":"https:\/\/personetics.com\/br\/#website"},"datePublished":"2021-12-15T17:47:24+00:00","dateModified":"2022-09-14T10:38:52+00:00","description":"A Personetics atende mais de 100 bancos e institui\u00e7\u00f5es financeiras em 30 mercados globais. Veja como seu banco pode aproveitar o poder da IA para engajar clientes e aumentar a receita com o engajamento personalizado personalizado do cliente, PFM e plataforma de gerenciamento de dinheiro.","breadcrumb":{"@id":"https:\/\/personetics.com\/br\/#breadcrumb"},"inLanguage":"pt-BR","potentialAction":[{"@type":"ReadAction","target":["https:\/\/personetics.com\/br\/"]}]},{"@type":"BreadcrumbList","@id":"https:\/\/personetics.com\/br\/#breadcrumb","itemListElement":[{"@type":"ListItem","position":1,"name":"Home","item":"https:\/\/personetics.com\/br\/"},{"@type":"ListItem","position":2,"name":"Homepage"}]},{"@type":"WebSite","@id":"https:\/\/personetics.com\/br\/#website","url":"https:\/\/personetics.com\/br\/","name":"Personetics","description":"Just another WordPress site","potentialAction":[{"@type":"SearchAction","target":{"@type":"EntryPoint","urlTemplate":"https:\/\/personetics.com\/br\/?s={search_term_string}"},"query-input":{"@type":"PropertyValueSpecification","valueRequired":true,"valueName":"search_term_string"}}],"inLanguage":"pt-BR"}]}},"_links":{"self":[{"href":"https:\/\/personetics.com\/br\/wp-json\/wp\/v2\/pages\/7","targetHints":{"allow":["GET"]}}],"collection":[{"href":"https:\/\/personetics.com\/br\/wp-json\/wp\/v2\/pages"}],"about":[{"href":"https:\/\/personetics.com\/br\/wp-json\/wp\/v2\/types\/page"}],"author":[{"embeddable":true,"href":"https:\/\/personetics.com\/br\/wp-json\/wp\/v2\/users\/1"}],"replies":[{"embeddable":true,"href":"https:\/\/personetics.com\/br\/wp-json\/wp\/v2\/comments?post=7"}],"version-history":[{"count":5,"href":"https:\/\/personetics.com\/br\/wp-json\/wp\/v2\/pages\/7\/revisions"}],"predecessor-version":[{"id":1298,"href":"https:\/\/personetics.com\/br\/wp-json\/wp\/v2\/pages\/7\/revisions\/1298"}],"wp:attachment":[{"href":"https:\/\/personetics.com\/br\/wp-json\/wp\/v2\/media?parent=7"}],"curies":[{"name":"wp","href":"https:\/\/api.w.org\/{rel}","templated":true}]}}