{"id":1159,"date":"2021-12-17T07:31:38","date_gmt":"2021-12-17T12:31:38","guid":{"rendered":"https:\/\/www.personetics.com\/br\/?page_id=1159"},"modified":"2022-08-02T03:25:16","modified_gmt":"2022-08-02T07:25:16","slug":"act-cloud","status":"publish","type":"page","link":"https:\/\/personetics.com\/fr\/act-cloud\/","title":{"rendered":"Act Cloud"},"content":{"rendered":"","protected":false},"excerpt":{"rendered":"","protected":false},"author":3,"featured_media":0,"parent":0,"menu_order":0,"comment_status":"closed","ping_status":"closed","template":"tmpl-landing-v2.php","meta":{"_acf_changed":false,"inline_featured_image":false,"footnotes":""},"class_list":["post-1159","page","type-page","status-publish","hentry"],"acf":[],"yoast_head":"<!-- This site is optimized with the Yoast SEO plugin v27.1.1 - https:\/\/yoast.com\/product\/yoast-seo-wordpress\/ -->\n<title>Act Cloud - Programmes de bien-\u00eatre financier | Personetics.com<\/title>\n<meta name=\"description\" content=\"Rejoignez les banques de renomm\u00e9e mondiale qui utilisent Personetics Act, la solution de bien-\u00eatre financier enti\u00e8rement automatis\u00e9e et auto-adaptable, d\u00e9sormais disponible en d\u00e9ploiement cloud. Augmentez la valeur \u00e0 vie des clients et aidez les clients bancaires \u00e0 \u00e9pargner, investir, g\u00e9rer leurs dettes et atteindre le bien-\u00eatre financier de mani\u00e8re automatique.\" \/>\n<meta name=\"robots\" content=\"index, follow, max-snippet:-1, max-image-preview:large, max-video-preview:-1\" \/>\n<link rel=\"canonical\" href=\"https:\/\/personetics.com\/fr\/act-cloud\/\" \/>\n<meta property=\"og:locale\" content=\"fr_FR\" \/>\n<meta property=\"og:type\" content=\"article\" \/>\n<meta property=\"og:title\" content=\"Act Cloud - Programmes de bien-\u00eatre financier | Personetics.com\" \/>\n<meta property=\"og:description\" content=\"Rejoignez les banques de renomm\u00e9e mondiale qui utilisent Personetics Act, la solution de bien-\u00eatre financier enti\u00e8rement automatis\u00e9e et auto-adaptable, d\u00e9sormais disponible en d\u00e9ploiement cloud. Augmentez la valeur \u00e0 vie des clients et aidez les clients bancaires \u00e0 \u00e9pargner, investir, g\u00e9rer leurs dettes et atteindre le bien-\u00eatre financier de mani\u00e8re automatique.\" \/>\n<meta property=\"og:url\" content=\"https:\/\/personetics.com\/fr\/act-cloud\/\" \/>\n<meta property=\"og:site_name\" content=\"Personetics\" \/>\n<meta property=\"article:modified_time\" content=\"2022-08-02T07:25:16+00:00\" \/>\n<meta name=\"twitter:card\" content=\"summary_large_image\" \/>\n<script type=\"application\/ld+json\" class=\"yoast-schema-graph\">{\"@context\":\"https:\/\/schema.org\",\"@graph\":[{\"@type\":\"WebPage\",\"@id\":\"https:\/\/personetics.com\/fr\/act-cloud\/\",\"url\":\"https:\/\/personetics.com\/fr\/act-cloud\/\",\"name\":\"Act Cloud - Programmes de bien-\u00eatre financier | Personetics.com\",\"isPartOf\":{\"@id\":\"https:\/\/personetics.com\/fr\/#website\"},\"datePublished\":\"2021-12-17T12:31:38+00:00\",\"dateModified\":\"2022-08-02T07:25:16+00:00\",\"description\":\"Rejoignez les banques de renomm\u00e9e mondiale qui utilisent Personetics Act, la solution de bien-\u00eatre financier enti\u00e8rement automatis\u00e9e et auto-adaptable, d\u00e9sormais disponible en d\u00e9ploiement cloud. Augmentez la valeur \u00e0 vie des clients et aidez les clients bancaires \u00e0 \u00e9pargner, investir, g\u00e9rer leurs dettes et atteindre le bien-\u00eatre financier de mani\u00e8re automatique.\",\"breadcrumb\":{\"@id\":\"https:\/\/personetics.com\/fr\/act-cloud\/#breadcrumb\"},\"inLanguage\":\"fr-FR\",\"potentialAction\":[{\"@type\":\"ReadAction\",\"target\":[\"https:\/\/personetics.com\/fr\/act-cloud\/\"]}]},{\"@type\":\"BreadcrumbList\",\"@id\":\"https:\/\/personetics.com\/fr\/act-cloud\/#breadcrumb\",\"itemListElement\":[{\"@type\":\"ListItem\",\"position\":1,\"name\":\"Home\",\"item\":\"https:\/\/personetics.com\/fr\/\"},{\"@type\":\"ListItem\",\"position\":2,\"name\":\"Act Cloud\"}]},{\"@type\":\"WebSite\",\"@id\":\"https:\/\/personetics.com\/fr\/#website\",\"url\":\"https:\/\/personetics.com\/fr\/\",\"name\":\"Personetics\",\"description\":\"Just another WordPress site\",\"potentialAction\":[{\"@type\":\"SearchAction\",\"target\":{\"@type\":\"EntryPoint\",\"urlTemplate\":\"https:\/\/personetics.com\/fr\/?s={search_term_string}\"},\"query-input\":{\"@type\":\"PropertyValueSpecification\",\"valueRequired\":true,\"valueName\":\"search_term_string\"}}],\"inLanguage\":\"fr-FR\"}]}<\/script>\n<!-- \/ Yoast SEO plugin. -->","yoast_head_json":{"title":"Act Cloud - Programmes de bien-\u00eatre financier | Personetics.com","description":"Rejoignez les banques de renomm\u00e9e mondiale qui utilisent Personetics Act, la solution de bien-\u00eatre financier enti\u00e8rement automatis\u00e9e et auto-adaptable, d\u00e9sormais disponible en d\u00e9ploiement cloud. Augmentez la valeur \u00e0 vie des clients et aidez les clients bancaires \u00e0 \u00e9pargner, investir, g\u00e9rer leurs dettes et atteindre le bien-\u00eatre financier de mani\u00e8re automatique.","robots":{"index":"index","follow":"follow","max-snippet":"max-snippet:-1","max-image-preview":"max-image-preview:large","max-video-preview":"max-video-preview:-1"},"canonical":"https:\/\/personetics.com\/fr\/act-cloud\/","og_locale":"fr_FR","og_type":"article","og_title":"Act Cloud - Programmes de bien-\u00eatre financier | Personetics.com","og_description":"Rejoignez les banques de renomm\u00e9e mondiale qui utilisent Personetics Act, la solution de bien-\u00eatre financier enti\u00e8rement automatis\u00e9e et auto-adaptable, d\u00e9sormais disponible en d\u00e9ploiement cloud. Augmentez la valeur \u00e0 vie des clients et aidez les clients bancaires \u00e0 \u00e9pargner, investir, g\u00e9rer leurs dettes et atteindre le bien-\u00eatre financier de mani\u00e8re automatique.","og_url":"https:\/\/personetics.com\/fr\/act-cloud\/","og_site_name":"Personetics","article_modified_time":"2022-08-02T07:25:16+00:00","twitter_card":"summary_large_image","schema":{"@context":"https:\/\/schema.org","@graph":[{"@type":"WebPage","@id":"https:\/\/personetics.com\/fr\/act-cloud\/","url":"https:\/\/personetics.com\/fr\/act-cloud\/","name":"Act Cloud - Programmes de bien-\u00eatre financier | Personetics.com","isPartOf":{"@id":"https:\/\/personetics.com\/fr\/#website"},"datePublished":"2021-12-17T12:31:38+00:00","dateModified":"2022-08-02T07:25:16+00:00","description":"Rejoignez les banques de renomm\u00e9e mondiale qui utilisent Personetics Act, la solution de bien-\u00eatre financier enti\u00e8rement automatis\u00e9e et auto-adaptable, d\u00e9sormais disponible en d\u00e9ploiement cloud. Augmentez la valeur \u00e0 vie des clients et aidez les clients bancaires \u00e0 \u00e9pargner, investir, g\u00e9rer leurs dettes et atteindre le bien-\u00eatre financier de mani\u00e8re automatique.","breadcrumb":{"@id":"https:\/\/personetics.com\/fr\/act-cloud\/#breadcrumb"},"inLanguage":"fr-FR","potentialAction":[{"@type":"ReadAction","target":["https:\/\/personetics.com\/fr\/act-cloud\/"]}]},{"@type":"BreadcrumbList","@id":"https:\/\/personetics.com\/fr\/act-cloud\/#breadcrumb","itemListElement":[{"@type":"ListItem","position":1,"name":"Home","item":"https:\/\/personetics.com\/fr\/"},{"@type":"ListItem","position":2,"name":"Act Cloud"}]},{"@type":"WebSite","@id":"https:\/\/personetics.com\/fr\/#website","url":"https:\/\/personetics.com\/fr\/","name":"Personetics","description":"Just another WordPress site","potentialAction":[{"@type":"SearchAction","target":{"@type":"EntryPoint","urlTemplate":"https:\/\/personetics.com\/fr\/?s={search_term_string}"},"query-input":{"@type":"PropertyValueSpecification","valueRequired":true,"valueName":"search_term_string"}}],"inLanguage":"fr-FR"}]}},"_links":{"self":[{"href":"https:\/\/personetics.com\/fr\/wp-json\/wp\/v2\/pages\/1159","targetHints":{"allow":["GET"]}}],"collection":[{"href":"https:\/\/personetics.com\/fr\/wp-json\/wp\/v2\/pages"}],"about":[{"href":"https:\/\/personetics.com\/fr\/wp-json\/wp\/v2\/types\/page"}],"author":[{"embeddable":true,"href":"https:\/\/personetics.com\/fr\/wp-json\/wp\/v2\/users\/3"}],"replies":[{"embeddable":true,"href":"https:\/\/personetics.com\/fr\/wp-json\/wp\/v2\/comments?post=1159"}],"version-history":[{"count":5,"href":"https:\/\/personetics.com\/fr\/wp-json\/wp\/v2\/pages\/1159\/revisions"}],"predecessor-version":[{"id":1354,"href":"https:\/\/personetics.com\/fr\/wp-json\/wp\/v2\/pages\/1159\/revisions\/1354"}],"wp:attachment":[{"href":"https:\/\/personetics.com\/fr\/wp-json\/wp\/v2\/media?parent=1159"}],"curies":[{"name":"wp","href":"https:\/\/api.w.org\/{rel}","templated":true}]}}