{"id":7,"date":"2021-12-15T12:47:24","date_gmt":"2021-12-15T17:47:24","guid":{"rendered":"https:\/\/www.personetics.com\/br\/?page_id=7"},"modified":"2024-11-17T11:00:20","modified_gmt":"2024-11-17T16:00:20","slug":"homepage","status":"publish","type":"page","link":"https:\/\/personetics.com\/fr\/","title":{"rendered":"Homepage"},"content":{"rendered":"","protected":false},"excerpt":{"rendered":"","protected":false},"author":3,"featured_media":0,"parent":0,"menu_order":0,"comment_status":"closed","ping_status":"closed","template":"tmpl-homepage-new.php","meta":{"_acf_changed":false,"inline_featured_image":false,"footnotes":""},"class_list":["post-7","page","type-page","status-publish","hentry"],"acf":[],"yoast_head":"<!-- This site is optimized with the Yoast SEO plugin v27.1.1 - https:\/\/yoast.com\/product\/yoast-seo-wordpress\/ -->\n<title>Personetics Gestion de l\u2019argent et GFP pour les banques et les institutions financi\u00e8res | Personetics.com<\/title>\n<meta name=\"description\" content=\"Personetics dessert plus de 100 banques et institutions financi\u00e8res sur 30 march\u00e9s mondiaux. D\u00e9couvrez comment votre banque peut exploiter la puissance de l\u2019IA pour engager les clients et augmenter ses revenus gr\u00e2ce \u00e0 une plateforme personnalis\u00e9e d\u2019engagement client, de GFP et de gestion de l\u2019argent ax\u00e9e sur les donn\u00e9es financi\u00e8res.\" \/>\n<meta name=\"robots\" content=\"index, follow, max-snippet:-1, max-image-preview:large, max-video-preview:-1\" \/>\n<link rel=\"canonical\" href=\"https:\/\/personetics.com\/fr\/\" \/>\n<meta property=\"og:locale\" content=\"fr_FR\" \/>\n<meta property=\"og:type\" content=\"article\" \/>\n<meta property=\"og:title\" content=\"Personetics Gestion de l\u2019argent et GFP pour les banques et les institutions financi\u00e8res | Personetics.com\" \/>\n<meta property=\"og:description\" content=\"Personetics dessert plus de 100 banques et institutions financi\u00e8res sur 30 march\u00e9s mondiaux. D\u00e9couvrez comment votre banque peut exploiter la puissance de l\u2019IA pour engager les clients et augmenter ses revenus gr\u00e2ce \u00e0 une plateforme personnalis\u00e9e d\u2019engagement client, de GFP et de gestion de l\u2019argent ax\u00e9e sur les donn\u00e9es financi\u00e8res.\" \/>\n<meta property=\"og:url\" content=\"https:\/\/personetics.com\/fr\/\" \/>\n<meta property=\"og:site_name\" content=\"Personetics\" \/>\n<meta property=\"article:modified_time\" content=\"2024-11-17T16:00:20+00:00\" \/>\n<meta name=\"twitter:card\" content=\"summary_large_image\" \/>\n<script type=\"application\/ld+json\" class=\"yoast-schema-graph\">{\"@context\":\"https:\/\/schema.org\",\"@graph\":[{\"@type\":\"WebPage\",\"@id\":\"https:\/\/personetics.com\/fr\/\",\"url\":\"https:\/\/personetics.com\/fr\/\",\"name\":\"Personetics Gestion de l\u2019argent et GFP pour les banques et les institutions financi\u00e8res | Personetics.com\",\"isPartOf\":{\"@id\":\"https:\/\/personetics.com\/fr\/#website\"},\"datePublished\":\"2021-12-15T17:47:24+00:00\",\"dateModified\":\"2024-11-17T16:00:20+00:00\",\"description\":\"Personetics dessert plus de 100 banques et institutions financi\u00e8res sur 30 march\u00e9s mondiaux. D\u00e9couvrez comment votre banque peut exploiter la puissance de l\u2019IA pour engager les clients et augmenter ses revenus gr\u00e2ce \u00e0 une plateforme personnalis\u00e9e d\u2019engagement client, de GFP et de gestion de l\u2019argent ax\u00e9e sur les donn\u00e9es financi\u00e8res.\",\"breadcrumb\":{\"@id\":\"https:\/\/personetics.com\/fr\/#breadcrumb\"},\"inLanguage\":\"fr-FR\",\"potentialAction\":[{\"@type\":\"ReadAction\",\"target\":[\"https:\/\/personetics.com\/fr\/\"]}]},{\"@type\":\"BreadcrumbList\",\"@id\":\"https:\/\/personetics.com\/fr\/#breadcrumb\",\"itemListElement\":[{\"@type\":\"ListItem\",\"position\":1,\"name\":\"Home\",\"item\":\"https:\/\/personetics.com\/fr\/\"},{\"@type\":\"ListItem\",\"position\":2,\"name\":\"Homepage\"}]},{\"@type\":\"WebSite\",\"@id\":\"https:\/\/personetics.com\/fr\/#website\",\"url\":\"https:\/\/personetics.com\/fr\/\",\"name\":\"Personetics\",\"description\":\"Just another WordPress site\",\"potentialAction\":[{\"@type\":\"SearchAction\",\"target\":{\"@type\":\"EntryPoint\",\"urlTemplate\":\"https:\/\/personetics.com\/fr\/?s={search_term_string}\"},\"query-input\":{\"@type\":\"PropertyValueSpecification\",\"valueRequired\":true,\"valueName\":\"search_term_string\"}}],\"inLanguage\":\"fr-FR\"}]}<\/script>\n<!-- \/ Yoast SEO plugin. -->","yoast_head_json":{"title":"Personetics Gestion de l\u2019argent et GFP pour les banques et les institutions financi\u00e8res | Personetics.com","description":"Personetics dessert plus de 100 banques et institutions financi\u00e8res sur 30 march\u00e9s mondiaux. D\u00e9couvrez comment votre banque peut exploiter la puissance de l\u2019IA pour engager les clients et augmenter ses revenus gr\u00e2ce \u00e0 une plateforme personnalis\u00e9e d\u2019engagement client, de GFP et de gestion de l\u2019argent ax\u00e9e sur les donn\u00e9es financi\u00e8res.","robots":{"index":"index","follow":"follow","max-snippet":"max-snippet:-1","max-image-preview":"max-image-preview:large","max-video-preview":"max-video-preview:-1"},"canonical":"https:\/\/personetics.com\/fr\/","og_locale":"fr_FR","og_type":"article","og_title":"Personetics Gestion de l\u2019argent et GFP pour les banques et les institutions financi\u00e8res | Personetics.com","og_description":"Personetics dessert plus de 100 banques et institutions financi\u00e8res sur 30 march\u00e9s mondiaux. D\u00e9couvrez comment votre banque peut exploiter la puissance de l\u2019IA pour engager les clients et augmenter ses revenus gr\u00e2ce \u00e0 une plateforme personnalis\u00e9e d\u2019engagement client, de GFP et de gestion de l\u2019argent ax\u00e9e sur les donn\u00e9es financi\u00e8res.","og_url":"https:\/\/personetics.com\/fr\/","og_site_name":"Personetics","article_modified_time":"2024-11-17T16:00:20+00:00","twitter_card":"summary_large_image","schema":{"@context":"https:\/\/schema.org","@graph":[{"@type":"WebPage","@id":"https:\/\/personetics.com\/fr\/","url":"https:\/\/personetics.com\/fr\/","name":"Personetics Gestion de l\u2019argent et GFP pour les banques et les institutions financi\u00e8res | Personetics.com","isPartOf":{"@id":"https:\/\/personetics.com\/fr\/#website"},"datePublished":"2021-12-15T17:47:24+00:00","dateModified":"2024-11-17T16:00:20+00:00","description":"Personetics dessert plus de 100 banques et institutions financi\u00e8res sur 30 march\u00e9s mondiaux. D\u00e9couvrez comment votre banque peut exploiter la puissance de l\u2019IA pour engager les clients et augmenter ses revenus gr\u00e2ce \u00e0 une plateforme personnalis\u00e9e d\u2019engagement client, de GFP et de gestion de l\u2019argent ax\u00e9e sur les donn\u00e9es financi\u00e8res.","breadcrumb":{"@id":"https:\/\/personetics.com\/fr\/#breadcrumb"},"inLanguage":"fr-FR","potentialAction":[{"@type":"ReadAction","target":["https:\/\/personetics.com\/fr\/"]}]},{"@type":"BreadcrumbList","@id":"https:\/\/personetics.com\/fr\/#breadcrumb","itemListElement":[{"@type":"ListItem","position":1,"name":"Home","item":"https:\/\/personetics.com\/fr\/"},{"@type":"ListItem","position":2,"name":"Homepage"}]},{"@type":"WebSite","@id":"https:\/\/personetics.com\/fr\/#website","url":"https:\/\/personetics.com\/fr\/","name":"Personetics","description":"Just another WordPress site","potentialAction":[{"@type":"SearchAction","target":{"@type":"EntryPoint","urlTemplate":"https:\/\/personetics.com\/fr\/?s={search_term_string}"},"query-input":{"@type":"PropertyValueSpecification","valueRequired":true,"valueName":"search_term_string"}}],"inLanguage":"fr-FR"}]}},"_links":{"self":[{"href":"https:\/\/personetics.com\/fr\/wp-json\/wp\/v2\/pages\/7","targetHints":{"allow":["GET"]}}],"collection":[{"href":"https:\/\/personetics.com\/fr\/wp-json\/wp\/v2\/pages"}],"about":[{"href":"https:\/\/personetics.com\/fr\/wp-json\/wp\/v2\/types\/page"}],"author":[{"embeddable":true,"href":"https:\/\/personetics.com\/fr\/wp-json\/wp\/v2\/users\/3"}],"replies":[{"embeddable":true,"href":"https:\/\/personetics.com\/fr\/wp-json\/wp\/v2\/comments?post=7"}],"version-history":[{"count":5,"href":"https:\/\/personetics.com\/fr\/wp-json\/wp\/v2\/pages\/7\/revisions"}],"predecessor-version":[{"id":1304,"href":"https:\/\/personetics.com\/fr\/wp-json\/wp\/v2\/pages\/7\/revisions\/1304"}],"wp:attachment":[{"href":"https:\/\/personetics.com\/fr\/wp-json\/wp\/v2\/media?parent=7"}],"curies":[{"name":"wp","href":"https:\/\/api.w.org\/{rel}","templated":true}]}}