{"id":7,"date":"2021-12-15T12:47:24","date_gmt":"2021-12-15T17:47:24","guid":{"rendered":"https:\/\/www.personetics.com\/br\/?page_id=7"},"modified":"2022-09-14T06:40:13","modified_gmt":"2022-09-14T10:40:13","slug":"homepage","status":"publish","type":"page","link":"https:\/\/personetics.com\/sp\/","title":{"rendered":"Homepage"},"content":{"rendered":"","protected":false},"excerpt":{"rendered":"","protected":false},"author":1,"featured_media":1445,"parent":0,"menu_order":0,"comment_status":"closed","ping_status":"closed","template":"tmpl-homepage-new.php","meta":{"_acf_changed":false,"inline_featured_image":false,"footnotes":""},"class_list":["post-7","page","type-page","status-publish","has-post-thumbnail","hentry"],"acf":[],"yoast_head":"<!-- This site is optimized with the Yoast SEO plugin v27.1.1 - https:\/\/yoast.com\/product\/yoast-seo-wordpress\/ -->\n<title>Personetics Administraci\u00f3n de dinero y PFM para bancos e instituciones financieras | Personetics.com<\/title>\n<meta name=\"description\" content=\"Personetics atiende a m\u00e1s de 100 bancos e instituciones financieras en 30 mercados globales. Vea c\u00f3mo su banco puede aprovechar el poder de la IA para atraer a los clientes y aumentar los ingresos con la participaci\u00f3n personalizada del cliente basada en datos financieros, PFM y la plataforma de administraci\u00f3n de dinero.\" \/>\n<meta name=\"robots\" content=\"index, follow, max-snippet:-1, max-image-preview:large, max-video-preview:-1\" \/>\n<link rel=\"canonical\" href=\"https:\/\/personetics.com\/sp\/\" \/>\n<meta property=\"og:locale\" content=\"es_ES\" \/>\n<meta property=\"og:type\" content=\"article\" \/>\n<meta property=\"og:title\" content=\"Personetics Administraci\u00f3n de dinero y PFM para bancos e instituciones financieras | Personetics.com\" \/>\n<meta property=\"og:description\" content=\"Personetics atiende a m\u00e1s de 100 bancos e instituciones financieras en 30 mercados globales. Vea c\u00f3mo su banco puede aprovechar el poder de la IA para atraer a los clientes y aumentar los ingresos con la participaci\u00f3n personalizada del cliente basada en datos financieros, PFM y la plataforma de administraci\u00f3n de dinero.\" \/>\n<meta property=\"og:url\" content=\"https:\/\/personetics.com\/sp\/\" \/>\n<meta property=\"og:site_name\" content=\"Personetics\" \/>\n<meta property=\"article:modified_time\" content=\"2022-09-14T10:40:13+00:00\" \/>\n<meta property=\"og:image\" content=\"https:\/\/personetics.com\/sp\/wp-content\/uploads\/2022\/09\/Personetics-logo-2.png\" \/>\n\t<meta property=\"og:image:width\" content=\"600\" \/>\n\t<meta property=\"og:image:height\" content=\"600\" \/>\n\t<meta property=\"og:image:type\" content=\"image\/png\" \/>\n<meta name=\"twitter:card\" content=\"summary_large_image\" \/>\n<meta name=\"twitter:image\" content=\"https:\/\/personetics.com\/sp\/wp-content\/uploads\/2022\/09\/Personetics-logo-2.png\" \/>\n<meta name=\"twitter:label1\" content=\"Tiempo de lectura\" \/>\n\t<meta name=\"twitter:data1\" content=\"1 minuto\" \/>\n<script type=\"application\/ld+json\" class=\"yoast-schema-graph\">{\"@context\":\"https:\/\/schema.org\",\"@graph\":[{\"@type\":\"WebPage\",\"@id\":\"https:\/\/personetics.com\/sp\/\",\"url\":\"https:\/\/personetics.com\/sp\/\",\"name\":\"Personetics Administraci\u00f3n de dinero y PFM para bancos e instituciones financieras | Personetics.com\",\"isPartOf\":{\"@id\":\"https:\/\/personetics.com\/sp\/#website\"},\"primaryImageOfPage\":{\"@id\":\"https:\/\/personetics.com\/sp\/#primaryimage\"},\"image\":{\"@id\":\"https:\/\/personetics.com\/sp\/#primaryimage\"},\"thumbnailUrl\":\"https:\/\/personetics.com\/sp\/wp-content\/uploads\/2022\/09\/Personetics-logo-2.png\",\"datePublished\":\"2021-12-15T17:47:24+00:00\",\"dateModified\":\"2022-09-14T10:40:13+00:00\",\"description\":\"Personetics atiende a m\u00e1s de 100 bancos e instituciones financieras en 30 mercados globales. Vea c\u00f3mo su banco puede aprovechar el poder de la IA para atraer a los clientes y aumentar los ingresos con la participaci\u00f3n personalizada del cliente basada en datos financieros, PFM y la plataforma de administraci\u00f3n de dinero.\",\"breadcrumb\":{\"@id\":\"https:\/\/personetics.com\/sp\/#breadcrumb\"},\"inLanguage\":\"es\",\"potentialAction\":[{\"@type\":\"ReadAction\",\"target\":[\"https:\/\/personetics.com\/sp\/\"]}]},{\"@type\":\"ImageObject\",\"inLanguage\":\"es\",\"@id\":\"https:\/\/personetics.com\/sp\/#primaryimage\",\"url\":\"https:\/\/personetics.com\/sp\/wp-content\/uploads\/2022\/09\/Personetics-logo-2.png\",\"contentUrl\":\"https:\/\/personetics.com\/sp\/wp-content\/uploads\/2022\/09\/Personetics-logo-2.png\",\"width\":600,\"height\":600,\"caption\":\"Personetics logo\"},{\"@type\":\"BreadcrumbList\",\"@id\":\"https:\/\/personetics.com\/sp\/#breadcrumb\",\"itemListElement\":[{\"@type\":\"ListItem\",\"position\":1,\"name\":\"Home\",\"item\":\"https:\/\/personetics.com\/sp\/\"},{\"@type\":\"ListItem\",\"position\":2,\"name\":\"Homepage\"}]},{\"@type\":\"WebSite\",\"@id\":\"https:\/\/personetics.com\/sp\/#website\",\"url\":\"https:\/\/personetics.com\/sp\/\",\"name\":\"Personetics\",\"description\":\"Just another WordPress site\",\"potentialAction\":[{\"@type\":\"SearchAction\",\"target\":{\"@type\":\"EntryPoint\",\"urlTemplate\":\"https:\/\/personetics.com\/sp\/?s={search_term_string}\"},\"query-input\":{\"@type\":\"PropertyValueSpecification\",\"valueRequired\":true,\"valueName\":\"search_term_string\"}}],\"inLanguage\":\"es\"}]}<\/script>\n<!-- \/ Yoast SEO plugin. -->","yoast_head_json":{"title":"Personetics Administraci\u00f3n de dinero y PFM para bancos e instituciones financieras | Personetics.com","description":"Personetics atiende a m\u00e1s de 100 bancos e instituciones financieras en 30 mercados globales. Vea c\u00f3mo su banco puede aprovechar el poder de la IA para atraer a los clientes y aumentar los ingresos con la participaci\u00f3n personalizada del cliente basada en datos financieros, PFM y la plataforma de administraci\u00f3n de dinero.","robots":{"index":"index","follow":"follow","max-snippet":"max-snippet:-1","max-image-preview":"max-image-preview:large","max-video-preview":"max-video-preview:-1"},"canonical":"https:\/\/personetics.com\/sp\/","og_locale":"es_ES","og_type":"article","og_title":"Personetics Administraci\u00f3n de dinero y PFM para bancos e instituciones financieras | Personetics.com","og_description":"Personetics atiende a m\u00e1s de 100 bancos e instituciones financieras en 30 mercados globales. Vea c\u00f3mo su banco puede aprovechar el poder de la IA para atraer a los clientes y aumentar los ingresos con la participaci\u00f3n personalizada del cliente basada en datos financieros, PFM y la plataforma de administraci\u00f3n de dinero.","og_url":"https:\/\/personetics.com\/sp\/","og_site_name":"Personetics","article_modified_time":"2022-09-14T10:40:13+00:00","og_image":[{"width":600,"height":600,"url":"https:\/\/personetics.com\/sp\/wp-content\/uploads\/2022\/09\/Personetics-logo-2.png","type":"image\/png"}],"twitter_card":"summary_large_image","twitter_image":"https:\/\/personetics.com\/sp\/wp-content\/uploads\/2022\/09\/Personetics-logo-2.png","twitter_misc":{"Tiempo de lectura":"1 minuto"},"schema":{"@context":"https:\/\/schema.org","@graph":[{"@type":"WebPage","@id":"https:\/\/personetics.com\/sp\/","url":"https:\/\/personetics.com\/sp\/","name":"Personetics Administraci\u00f3n de dinero y PFM para bancos e instituciones financieras | Personetics.com","isPartOf":{"@id":"https:\/\/personetics.com\/sp\/#website"},"primaryImageOfPage":{"@id":"https:\/\/personetics.com\/sp\/#primaryimage"},"image":{"@id":"https:\/\/personetics.com\/sp\/#primaryimage"},"thumbnailUrl":"https:\/\/personetics.com\/sp\/wp-content\/uploads\/2022\/09\/Personetics-logo-2.png","datePublished":"2021-12-15T17:47:24+00:00","dateModified":"2022-09-14T10:40:13+00:00","description":"Personetics atiende a m\u00e1s de 100 bancos e instituciones financieras en 30 mercados globales. Vea c\u00f3mo su banco puede aprovechar el poder de la IA para atraer a los clientes y aumentar los ingresos con la participaci\u00f3n personalizada del cliente basada en datos financieros, PFM y la plataforma de administraci\u00f3n de dinero.","breadcrumb":{"@id":"https:\/\/personetics.com\/sp\/#breadcrumb"},"inLanguage":"es","potentialAction":[{"@type":"ReadAction","target":["https:\/\/personetics.com\/sp\/"]}]},{"@type":"ImageObject","inLanguage":"es","@id":"https:\/\/personetics.com\/sp\/#primaryimage","url":"https:\/\/personetics.com\/sp\/wp-content\/uploads\/2022\/09\/Personetics-logo-2.png","contentUrl":"https:\/\/personetics.com\/sp\/wp-content\/uploads\/2022\/09\/Personetics-logo-2.png","width":600,"height":600,"caption":"Personetics logo"},{"@type":"BreadcrumbList","@id":"https:\/\/personetics.com\/sp\/#breadcrumb","itemListElement":[{"@type":"ListItem","position":1,"name":"Home","item":"https:\/\/personetics.com\/sp\/"},{"@type":"ListItem","position":2,"name":"Homepage"}]},{"@type":"WebSite","@id":"https:\/\/personetics.com\/sp\/#website","url":"https:\/\/personetics.com\/sp\/","name":"Personetics","description":"Just another WordPress site","potentialAction":[{"@type":"SearchAction","target":{"@type":"EntryPoint","urlTemplate":"https:\/\/personetics.com\/sp\/?s={search_term_string}"},"query-input":{"@type":"PropertyValueSpecification","valueRequired":true,"valueName":"search_term_string"}}],"inLanguage":"es"}]}},"_links":{"self":[{"href":"https:\/\/personetics.com\/sp\/wp-json\/wp\/v2\/pages\/7","targetHints":{"allow":["GET"]}}],"collection":[{"href":"https:\/\/personetics.com\/sp\/wp-json\/wp\/v2\/pages"}],"about":[{"href":"https:\/\/personetics.com\/sp\/wp-json\/wp\/v2\/types\/page"}],"author":[{"embeddable":true,"href":"https:\/\/personetics.com\/sp\/wp-json\/wp\/v2\/users\/1"}],"replies":[{"embeddable":true,"href":"https:\/\/personetics.com\/sp\/wp-json\/wp\/v2\/comments?post=7"}],"version-history":[{"count":5,"href":"https:\/\/personetics.com\/sp\/wp-json\/wp\/v2\/pages\/7\/revisions"}],"predecessor-version":[{"id":1357,"href":"https:\/\/personetics.com\/sp\/wp-json\/wp\/v2\/pages\/7\/revisions\/1357"}],"wp:featuredmedia":[{"embeddable":true,"href":"https:\/\/personetics.com\/sp\/wp-json\/wp\/v2\/media\/1445"}],"wp:attachment":[{"href":"https:\/\/personetics.com\/sp\/wp-json\/wp\/v2\/media?parent=7"}],"curies":[{"name":"wp","href":"https:\/\/api.w.org\/{rel}","templated":true}]}}